{"id":110,"date":"2016-06-16T09:46:15","date_gmt":"2016-06-16T07:46:15","guid":{"rendered":"https:\/\/www.wrinkle-pei.cz\/?page_id=110"},"modified":"2025-07-31T20:25:30","modified_gmt":"2025-07-31T18:25:30","slug":"magnolia-intergalaxia","status":"publish","type":"page","link":"https:\/\/www.wrinkle-pei.cz\/?page_id=110","title":{"rendered":"MAGNOLIA Intergalaxia"},"content":{"rendered":"<p><img fetchpriority=\"high\" decoding=\"async\" width=\"640\" height=\"323\" src=\"https:\/\/www.wrinkle-pei.cz\/wp-content\/uploads\/2016\/06\/komplet-lola-1024x517.png\" alt=\"\" srcset=\"https:\/\/www.wrinkle-pei.cz\/wp-content\/uploads\/2016\/06\/komplet-lola-1024x517.png 1024w, https:\/\/www.wrinkle-pei.cz\/wp-content\/uploads\/2016\/06\/komplet-lola-600x303.png 600w, https:\/\/www.wrinkle-pei.cz\/wp-content\/uploads\/2016\/06\/komplet-lola-300x152.png 300w, https:\/\/www.wrinkle-pei.cz\/wp-content\/uploads\/2016\/06\/komplet-lola-768x388.png 768w\" sizes=\"(max-width: 640px) 100vw, 640px\"><\/p>\n<h5>narozena 20.10.2015,<\/h5>\n<h5>v\u00fd\u0161ka 50 cm,&nbsp;v\u00e1ha 24&nbsp;kg,<\/h5>\n<h5>kod mikro\u010dipu&nbsp;941000016072741,<\/h5>\n<h5>barva: crema brush coat<\/h5>\n<h5>barva o\u010d\u00ed: tmav\u011b hn\u011bd\u00e1<\/h5>\n<p><a href=\"http:\/\/shar-pei.snadno.eu\/\">CHS Intergalaxia, p\u00ed. Ivety Strniskov\u00e9, SK<\/a><\/p>\n<p>Zdravotn\u00ed stav: Fenka je zdravotn\u011b v perfektn\u00ed kondici. Zdrav\u00e9 zuby, u\u0161i i o\u010di bezprobl\u00e9mov\u00e9.<\/p>\n<p>Typ:&nbsp;T\u011blo hezky v\u00fdv\u00e1\u017een\u00e9. Hlava kulata, men\u0161\u00ed, propor\u010dn\u011b adekv\u00e1tn\u00ed.<\/p>\n<p>Povaha: Povahov\u011b je v\u00edce hl\u00edda\u010d ne\u017e n\u00e1\u0161 pes. St\u00e1le ale jde o klidnou, milou a starostlivou fenu. M\u00e1 velmi r\u00e1d d\u011bti a \u0161t\u011b\u0148ata. Kamar\u00e1dsk\u00e1 a dob\u0159e socializovan\u00e1 i s ostatn\u00edmi plemeny (men\u0161\u00ed\/v\u011bt\u0161\u00ed).<\/p>\n<p><img decoding=\"async\" width=\"640\" height=\"453\" src=\"https:\/\/www.wrinkle-pei.cz\/wp-content\/uploads\/2019\/11\/Leo-Ramik-MAGNOLIA-Intergalaxia-vodoznak-1024x724.jpg\" alt=\"\" srcset=\"https:\/\/www.wrinkle-pei.cz\/wp-content\/uploads\/2019\/11\/Leo-Ramik-MAGNOLIA-Intergalaxia-vodoznak-1024x724.jpg 1024w, https:\/\/www.wrinkle-pei.cz\/wp-content\/uploads\/2019\/11\/Leo-Ramik-MAGNOLIA-Intergalaxia-vodoznak-600x424.jpg 600w, https:\/\/www.wrinkle-pei.cz\/wp-content\/uploads\/2019\/11\/Leo-Ramik-MAGNOLIA-Intergalaxia-vodoznak-300x212.jpg 300w, https:\/\/www.wrinkle-pei.cz\/wp-content\/uploads\/2019\/11\/Leo-Ramik-MAGNOLIA-Intergalaxia-vodoznak-768x543.jpg 768w\" sizes=\"(max-width: 640px) 100vw, 640px\"><\/p>\n\n\n<p><\/p>\n","protected":false},"excerpt":{"rendered":"<p>narozena 20.10.2015, v\u00fd\u0161ka 50 cm,&nbsp;v\u00e1ha 24&nbsp;kg, kod mikro\u010dipu&nbsp;941000016072741, barva: crema brush coat barva o\u010d\u00ed: tmav\u011b hn\u011bd\u00e1 CHS Intergalaxia, p\u00ed. Ivety Strniskov\u00e9, SK Zdravotn\u00ed stav: Fenka je zdravotn\u011b v perfektn\u00ed kondici. Zdrav\u00e9 zuby, u\u0161i i o\u010di bezprobl\u00e9mov\u00e9. Typ:&nbsp;T\u011blo hezky v\u00fdv\u00e1\u017een\u00e9. Hlava kulata, men\u0161\u00ed, propor\u010dn\u011b adekv\u00e1tn\u00ed. Povaha: Povahov\u011b je v\u00edce hl\u00edda\u010d ne\u017e n\u00e1\u0161 pes. St\u00e1le ale jde [&hellip;]<\/p>\n","protected":false},"author":1,"featured_media":0,"parent":81,"menu_order":0,"comment_status":"closed","ping_status":"closed","template":"","meta":{"footnotes":""},"class_list":["post-110","page","type-page","status-publish","hentry"],"_links":{"self":[{"href":"https:\/\/www.wrinkle-pei.cz\/index.php?rest_route=\/wp\/v2\/pages\/110","targetHints":{"allow":["GET"]}}],"collection":[{"href":"https:\/\/www.wrinkle-pei.cz\/index.php?rest_route=\/wp\/v2\/pages"}],"about":[{"href":"https:\/\/www.wrinkle-pei.cz\/index.php?rest_route=\/wp\/v2\/types\/page"}],"author":[{"embeddable":true,"href":"https:\/\/www.wrinkle-pei.cz\/index.php?rest_route=\/wp\/v2\/users\/1"}],"replies":[{"embeddable":true,"href":"https:\/\/www.wrinkle-pei.cz\/index.php?rest_route=%2Fwp%2Fv2%2Fcomments&post=110"}],"version-history":[{"count":12,"href":"https:\/\/www.wrinkle-pei.cz\/index.php?rest_route=\/wp\/v2\/pages\/110\/revisions"}],"predecessor-version":[{"id":933,"href":"https:\/\/www.wrinkle-pei.cz\/index.php?rest_route=\/wp\/v2\/pages\/110\/revisions\/933"}],"up":[{"embeddable":true,"href":"https:\/\/www.wrinkle-pei.cz\/index.php?rest_route=\/wp\/v2\/pages\/81"}],"wp:attachment":[{"href":"https:\/\/www.wrinkle-pei.cz\/index.php?rest_route=%2Fwp%2Fv2%2Fmedia&parent=110"}],"curies":[{"name":"wp","href":"https:\/\/api.w.org\/{rel}","templated":true}]}}