{"id":112,"date":"2016-06-16T09:46:37","date_gmt":"2016-06-16T07:46:37","guid":{"rendered":"https:\/\/www.wrinkle-pei.cz\/?page_id=112"},"modified":"2019-11-12T22:50:08","modified_gmt":"2019-11-12T21:50:08","slug":"boccacio-z-dynastie-chan","status":"publish","type":"page","link":"https:\/\/www.wrinkle-pei.cz\/?page_id=112","title":{"rendered":"BOCCACIO z Dynastie Chan"},"content":{"rendered":"\t\t<div data-elementor-type=\"wp-page\" data-elementor-id=\"112\" class=\"elementor elementor-112\">\n\t\t\t\t\t\t<section class=\"elementor-section elementor-top-section elementor-element elementor-element-002bd60 elementor-section-stretched elementor-section-boxed elementor-section-height-default elementor-section-height-default\" data-id=\"002bd60\" data-element_type=\"section\" data-e-type=\"section\" data-settings=\"{&quot;stretch_section&quot;:&quot;section-stretched&quot;}\">\n\t\t\t\t\t\t<div class=\"elementor-container elementor-column-gap-default\">\n\t\t\t\t\t<div class=\"elementor-column elementor-col-100 elementor-top-column elementor-element elementor-element-a6d490d\" data-id=\"a6d490d\" data-element_type=\"column\" data-e-type=\"column\">\n\t\t\t<div class=\"elementor-widget-wrap elementor-element-populated\">\n\t\t\t\t\t\t<div class=\"elementor-element elementor-element-54b6c3e elementor-widget elementor-widget-spacer\" data-id=\"54b6c3e\" data-element_type=\"widget\" data-e-type=\"widget\" data-widget_type=\"spacer.default\">\n\t\t\t\t<div class=\"elementor-widget-container\">\n\t\t\t\t\t\t\t<div class=\"elementor-spacer\">\n\t\t\t<div class=\"elementor-spacer-inner\"><\/div>\n\t\t<\/div>\n\t\t\t\t\t\t<\/div>\n\t\t\t\t<\/div>\n\t\t\t\t\t<\/div>\n\t\t<\/div>\n\t\t\t\t\t<\/div>\n\t\t<\/section>\n\t\t\t\t<section class=\"elementor-section elementor-top-section elementor-element elementor-element-7dd111a elementor-section-stretched elementor-section-boxed elementor-section-height-default elementor-section-height-default\" data-id=\"7dd111a\" data-element_type=\"section\" data-e-type=\"section\" data-settings=\"{&quot;stretch_section&quot;:&quot;section-stretched&quot;}\">\n\t\t\t\t\t\t<div class=\"elementor-container elementor-column-gap-default\">\n\t\t\t\t\t<div class=\"elementor-column elementor-col-50 elementor-top-column elementor-element elementor-element-173d168\" data-id=\"173d168\" data-element_type=\"column\" data-e-type=\"column\">\n\t\t\t<div class=\"elementor-widget-wrap elementor-element-populated\">\n\t\t\t\t\t\t<div class=\"elementor-element elementor-element-9d82f0b elementor-widget elementor-widget-image\" data-id=\"9d82f0b\" data-element_type=\"widget\" data-e-type=\"widget\" data-widget_type=\"image.default\">\n\t\t\t\t<div class=\"elementor-widget-container\">\n\t\t\t\t\t\t\t\t\t\t\t\t\t\t\t<img fetchpriority=\"high\" decoding=\"async\" width=\"640\" height=\"323\" src=\"https:\/\/www.wrinkle-pei.cz\/wp-content\/uploads\/2016\/06\/komplet-Bokyn-1024x517.png\" class=\"attachment-large size-large wp-image-262\" alt=\"\" srcset=\"https:\/\/www.wrinkle-pei.cz\/wp-content\/uploads\/2016\/06\/komplet-Bokyn-1024x517.png 1024w, https:\/\/www.wrinkle-pei.cz\/wp-content\/uploads\/2016\/06\/komplet-Bokyn-600x303.png 600w, https:\/\/www.wrinkle-pei.cz\/wp-content\/uploads\/2016\/06\/komplet-Bokyn-300x152.png 300w, https:\/\/www.wrinkle-pei.cz\/wp-content\/uploads\/2016\/06\/komplet-Bokyn-768x388.png 768w\" sizes=\"(max-width: 640px) 100vw, 640px\" \/>\t\t\t\t\t\t\t\t\t\t\t\t\t\t\t<\/div>\n\t\t\t\t<\/div>\n\t\t\t\t<div class=\"elementor-element elementor-element-f271eea elementor-widget elementor-widget-text-editor\" data-id=\"f271eea\" data-element_type=\"widget\" data-e-type=\"widget\" data-widget_type=\"text-editor.default\">\n\t\t\t\t<div class=\"elementor-widget-container\">\n\t\t\t\t\t\t\t\t\t<h5>narozen 5.10.2014,<\/h5><h5>v\u00fd\u0161ka 52 cm,\u00a0v\u00e1ha 28 kg,<\/h5><h5>kod mikro\u010dipu 967000009662418,<\/h5><p>\u00a0<\/p><h5>barva: Isabell horse-brush coat<\/h5><h5>barva o\u010d\u00ed: hn\u011bd\u00e9<\/h5><p>\u00a0<\/p><p><span style=\"text-decoration: underline;\"><a href=\"http:\/\/www.shar-pei.wz.cz\/kontakt.html\">CHS Z dynastie Chan, p\u00ed. Hany Ma\u0161\u00ednov\u00e9, CZ<\/a><\/span><\/p><p>Zdravotn\u00ed stav: Pejsek je zdravotn\u011b v perfektn\u00ed kondici. Zdrav\u00e9 zuby, u\u0161i i o\u010di bezprobl\u00e9mov\u00e9<\/p><p>Typ: Sp\u00ed\u0161e mohutn\u011bj\u0161\u00ed, siln\u00fd, dosti osvalen\u00fd, n\u00e9n\u00ed v\u016fbec obtloustl\u00fd. T\u011blo hezky v\u00fdv\u00e1\u017een\u00e9. Hlava kulata, velk\u00e1 tlama,<\/p><p>Povaha: Povahov\u011b jde o absolutn\u00edho kli\u010fase, kter\u00fd je velmi v\u011brn\u00fdm psem sv\u00e9ho p\u00e1na. Jde o mil\u00e9ho a starostliv\u00e9ho psa. M\u00e1 velmi r\u00e1d d\u011bti a \u0161t\u011b\u0148ata. Kamar\u00e1dsk\u00fd a dob\u0159e socializovan\u00fd i s ostatn\u00edmi plemeny (men\u0161\u00ed\/v\u011bt\u0161\u00ed).<\/p>\t\t\t\t\t\t\t\t<\/div>\n\t\t\t\t<\/div>\n\t\t\t\t\t<\/div>\n\t\t<\/div>\n\t\t\t\t<div class=\"elementor-column elementor-col-50 elementor-top-column elementor-element elementor-element-bd6a81f\" data-id=\"bd6a81f\" data-element_type=\"column\" data-e-type=\"column\">\n\t\t\t<div class=\"elementor-widget-wrap elementor-element-populated\">\n\t\t\t\t\t\t<div class=\"elementor-element elementor-element-9efbb50 elementor-widget elementor-widget-image\" data-id=\"9efbb50\" data-element_type=\"widget\" data-e-type=\"widget\" data-widget_type=\"image.default\">\n\t\t\t\t<div class=\"elementor-widget-container\">\n\t\t\t\t\t\t\t\t\t\t\t\t\t\t\t<img decoding=\"async\" width=\"640\" height=\"455\" src=\"https:\/\/www.wrinkle-pei.cz\/wp-content\/uploads\/2019\/11\/Leo-Ramik-BOCCACIO-z-Dynastie-Chan-vodoznak-1024x728.jpg\" class=\"attachment-large size-large wp-image-427\" alt=\"\" srcset=\"https:\/\/www.wrinkle-pei.cz\/wp-content\/uploads\/2019\/11\/Leo-Ramik-BOCCACIO-z-Dynastie-Chan-vodoznak-1024x728.jpg 1024w, https:\/\/www.wrinkle-pei.cz\/wp-content\/uploads\/2019\/11\/Leo-Ramik-BOCCACIO-z-Dynastie-Chan-vodoznak-600x426.jpg 600w, https:\/\/www.wrinkle-pei.cz\/wp-content\/uploads\/2019\/11\/Leo-Ramik-BOCCACIO-z-Dynastie-Chan-vodoznak-300x213.jpg 300w, https:\/\/www.wrinkle-pei.cz\/wp-content\/uploads\/2019\/11\/Leo-Ramik-BOCCACIO-z-Dynastie-Chan-vodoznak-768x546.jpg 768w, https:\/\/www.wrinkle-pei.cz\/wp-content\/uploads\/2019\/11\/Leo-Ramik-BOCCACIO-z-Dynastie-Chan-vodoznak.jpg 1800w\" sizes=\"(max-width: 640px) 100vw, 640px\" \/>\t\t\t\t\t\t\t\t\t\t\t\t\t\t\t<\/div>\n\t\t\t\t<\/div>\n\t\t\t\t\t<\/div>\n\t\t<\/div>\n\t\t\t\t\t<\/div>\n\t\t<\/section>\n\t\t\t\t<\/div>\n\t\t","protected":false},"excerpt":{"rendered":"<p>narozen 5.10.2014, v\u00fd\u0161ka 52 cm,\u00a0v\u00e1ha 28 kg, kod mikro\u010dipu 967000009662418, \u00a0 barva: Isabell horse-brush coat barva o\u010d\u00ed: hn\u011bd\u00e9 \u00a0 CHS Z dynastie Chan, p\u00ed. Hany Ma\u0161\u00ednov\u00e9, CZ Zdravotn\u00ed stav: Pejsek je zdravotn\u011b v perfektn\u00ed kondici. Zdrav\u00e9 zuby, u\u0161i i o\u010di bezprobl\u00e9mov\u00e9 Typ: Sp\u00ed\u0161e mohutn\u011bj\u0161\u00ed, siln\u00fd, dosti osvalen\u00fd, n\u00e9n\u00ed v\u016fbec obtloustl\u00fd. T\u011blo hezky v\u00fdv\u00e1\u017een\u00e9. Hlava kulata, [&hellip;]<\/p>\n","protected":false},"author":1,"featured_media":0,"parent":81,"menu_order":0,"comment_status":"closed","ping_status":"closed","template":"","meta":{"footnotes":""},"class_list":["post-112","page","type-page","status-publish","hentry"],"_links":{"self":[{"href":"https:\/\/www.wrinkle-pei.cz\/index.php?rest_route=\/wp\/v2\/pages\/112","targetHints":{"allow":["GET"]}}],"collection":[{"href":"https:\/\/www.wrinkle-pei.cz\/index.php?rest_route=\/wp\/v2\/pages"}],"about":[{"href":"https:\/\/www.wrinkle-pei.cz\/index.php?rest_route=\/wp\/v2\/types\/page"}],"author":[{"embeddable":true,"href":"https:\/\/www.wrinkle-pei.cz\/index.php?rest_route=\/wp\/v2\/users\/1"}],"replies":[{"embeddable":true,"href":"https:\/\/www.wrinkle-pei.cz\/index.php?rest_route=%2Fwp%2Fv2%2Fcomments&post=112"}],"version-history":[{"count":13,"href":"https:\/\/www.wrinkle-pei.cz\/index.php?rest_route=\/wp\/v2\/pages\/112\/revisions"}],"predecessor-version":[{"id":649,"href":"https:\/\/www.wrinkle-pei.cz\/index.php?rest_route=\/wp\/v2\/pages\/112\/revisions\/649"}],"up":[{"embeddable":true,"href":"https:\/\/www.wrinkle-pei.cz\/index.php?rest_route=\/wp\/v2\/pages\/81"}],"wp:attachment":[{"href":"https:\/\/www.wrinkle-pei.cz\/index.php?rest_route=%2Fwp%2Fv2%2Fmedia&parent=112"}],"curies":[{"name":"wp","href":"https:\/\/api.w.org\/{rel}","templated":true}]}}