{"id":388,"date":"2019-11-10T15:26:52","date_gmt":"2019-11-10T14:26:52","guid":{"rendered":"https:\/\/www.wrinkle-pei.cz\/?page_id=388"},"modified":"2023-04-24T18:46:27","modified_gmt":"2023-04-24T16:46:27","slug":"srst-a-kolorace-coat-and-colour","status":"publish","type":"page","link":"https:\/\/www.wrinkle-pei.cz\/?page_id=388","title":{"rendered":"srst a kolorace"},"content":{"rendered":"\t\t<div data-elementor-type=\"wp-page\" data-elementor-id=\"388\" class=\"elementor elementor-388\">\n\t\t\t\t\t\t<section class=\"elementor-section elementor-top-section elementor-element elementor-element-5ed8594 elementor-section-stretched elementor-section-boxed elementor-section-height-default elementor-section-height-default\" data-id=\"5ed8594\" data-element_type=\"section\" data-e-type=\"section\" data-settings=\"{&quot;stretch_section&quot;:&quot;section-stretched&quot;}\">\n\t\t\t\t\t\t<div class=\"elementor-container elementor-column-gap-default\">\n\t\t\t\t\t<div class=\"elementor-column elementor-col-100 elementor-top-column elementor-element elementor-element-ed0aa59\" data-id=\"ed0aa59\" data-element_type=\"column\" data-e-type=\"column\">\n\t\t\t<div class=\"elementor-widget-wrap elementor-element-populated\">\n\t\t\t\t\t\t<div class=\"elementor-element elementor-element-19af735 elementor-widget elementor-widget-spacer\" data-id=\"19af735\" data-element_type=\"widget\" data-e-type=\"widget\" data-widget_type=\"spacer.default\">\n\t\t\t\t<div class=\"elementor-widget-container\">\n\t\t\t\t\t\t\t<div class=\"elementor-spacer\">\n\t\t\t<div class=\"elementor-spacer-inner\"><\/div>\n\t\t<\/div>\n\t\t\t\t\t\t<\/div>\n\t\t\t\t<\/div>\n\t\t\t\t\t<\/div>\n\t\t<\/div>\n\t\t\t\t\t<\/div>\n\t\t<\/section>\n\t\t\t\t<section class=\"elementor-section elementor-top-section elementor-element elementor-element-20a654e elementor-section-stretched elementor-section-boxed elementor-section-height-default elementor-section-height-default\" data-id=\"20a654e\" data-element_type=\"section\" data-e-type=\"section\" data-settings=\"{&quot;stretch_section&quot;:&quot;section-stretched&quot;}\">\n\t\t\t\t\t\t<div class=\"elementor-container elementor-column-gap-default\">\n\t\t\t\t\t<div class=\"elementor-column elementor-col-50 elementor-top-column elementor-element elementor-element-22d2aec\" data-id=\"22d2aec\" data-element_type=\"column\" data-e-type=\"column\">\n\t\t\t<div class=\"elementor-widget-wrap elementor-element-populated\">\n\t\t\t\t\t\t<div class=\"elementor-element elementor-element-9ef0a28 elementor-widget elementor-widget-image\" data-id=\"9ef0a28\" data-element_type=\"widget\" data-e-type=\"widget\" data-widget_type=\"image.default\">\n\t\t\t\t<div class=\"elementor-widget-container\">\n\t\t\t\t\t\t\t\t\t\t\t\t\t\t\t<img fetchpriority=\"high\" decoding=\"async\" width=\"1832\" height=\"3088\" src=\"https:\/\/www.wrinkle-pei.cz\/wp-content\/uploads\/2023\/04\/sharpei-colored-A1-poster-small-without-dogs.jpg\" class=\"attachment-full size-full wp-image-853\" alt=\"\" srcset=\"https:\/\/www.wrinkle-pei.cz\/wp-content\/uploads\/2023\/04\/sharpei-colored-A1-poster-small-without-dogs.jpg 1832w, https:\/\/www.wrinkle-pei.cz\/wp-content\/uploads\/2023\/04\/sharpei-colored-A1-poster-small-without-dogs-600x1011.jpg 600w\" sizes=\"(max-width: 1832px) 100vw, 1832px\" \/>\t\t\t\t\t\t\t\t\t\t\t\t\t\t\t<\/div>\n\t\t\t\t<\/div>\n\t\t\t\t\t<\/div>\n\t\t<\/div>\n\t\t\t\t<div class=\"elementor-column elementor-col-50 elementor-top-column elementor-element elementor-element-779c6e9\" data-id=\"779c6e9\" data-element_type=\"column\" data-e-type=\"column\">\n\t\t\t<div class=\"elementor-widget-wrap elementor-element-populated\">\n\t\t\t\t\t\t<div class=\"elementor-element elementor-element-88a095f elementor-widget elementor-widget-text-editor\" data-id=\"88a095f\" data-element_type=\"widget\" data-e-type=\"widget\" data-widget_type=\"text-editor.default\">\n\t\t\t\t<div class=\"elementor-widget-container\">\n\t\t\t\t\t\t\t\t\t<p><strong>\u0160arpej je\u00a0jednou z nejbarevn\u011bj\u0161\u00edch ras ps\u016f.<\/strong> Zbarven\u00ed srsti b\u00fdv\u00e1 velmi r\u016fznorod\u00e9. Z\u00e1kladn\u00ed barvy jsou: \u010dern\u00e1, hn\u00e9d\u00e1, \u010derven\u00e1, p\u00edskov\u00e1, kr\u00e9mov\u00e1, \u017elut\u00e1, modr\u00e1, aprikot, isabel a lila. Odst\u00edn\u016f je ale celkem dvacet.\u00a0<\/p><p><strong>V grafu vedle jednozna\u010dn\u011b rozpozn\u00e1te jak barevn\u00e1 \u0161k\u00e1la pejsk\u016f vypad\u00e1 a \u017ee je opravdu z \u010deho vyb\u00edrat.<\/strong> Ten ale\u00a0\u00fapln\u011b nejtypy\u010dt\u011bj\u0161\u00ed\u00a0pejsek je v grafu jako prvn\u00ed tedy\u00a0p\u00edskov\u00fd s tmavou maskou.<\/p><h4>\u00a0<\/h4><h4>Typy srsti<\/h4><p>Srst je \u010dlen\u011bn\u00e1 hlavn\u011b na 2 z\u00e1kladn\u00ed kategorie\u00a0<strong>Horse a brush<\/strong>. <span style=\"text-decoration: underline;\">V prvn\u00edm p\u0159\u00edpad\u011b je tvrd\u00e1, vzp\u0159\u00edmen\u00e1, bez podsady, v d\u00e9lce do 1 cm a (ne)p\u0159\u00edjemn\u011b p\u00edchlav\u00e1 a tvrd\u0161\u00ed.<\/span>\u00a0<span style=\"text-decoration: underline;\">Druh\u00fd typ srsti; brush je del\u0161\u00ed \u2013 a\u017e do 2,5 cm \u2013 a m\u011bl by na omak p\u0159ipom\u00ednat kart\u00e1\u010d<\/span>. <strong>Ob\u011b jsou uznan\u00e9 typy a b\u011b\u017en\u00e9.<\/strong><\/p><p><strong>T\u0159et\u00ed\u00a0typ Bear<\/strong>, se objevuje hlavn\u011b v posledn\u00edch letech a v zahrani\u010d\u00ed. Jsou to dlouhosrst\u00ed pejsci s jemn\u00fdm chlupem, kte\u0159\u00ed jsou sice kr\u00e1sn\u00ed ale bohu\u017eel <span style=\"text-decoration: underline;\">nespl\u0148uj\u00ed podm\u00ednky pro chov a zat\u00edm nejsou v \u010cR k dost\u00e1n\u00ed.<\/span>\u00a0<\/p><p>\u00a0<\/p><h4>Flowered Shar-Pei<\/h4><p><span style=\"text-decoration: underline;\">Flowered Shar-Pei je \u0161arpej, kter\u00e9mu chyb\u00ed charakteristick\u00fd znak jednobarevn\u00e9ho zbarven\u00ed<\/span>. Tito psi jsou p\u0159ev\u00e1\u017en\u00e9 dvoubarevn\u00ed a origin\u00e1ln\u00ed n\u00e1zev Flowered<span style=\"text-decoration: underline;\"> v p\u0159ekladu znamen\u00e1\u00a0kv\u011btovan\u00fd<\/span>. Maj\u00ed jedine\u010dn\u011b rozvr\u017eenou hlavu, ta je v 75% jednobarevn\u00e1 a jej\u00ed dez\u00e9n tvo\u0159\u00ed obr\u00e1cen\u00e9 \u201eA\u201e. T\u011blo m\u00e1 minim\u00e1ln\u011b 50% b\u00edl\u00e9 barvy <strong>se skvrnami nebo te\u010dkami v barv\u011b hlavy rozeset\u00fdmi nepravideln\u011b po t\u011ble.<\/strong> Kv\u011btovan\u00ed \u0161arpejov\u00e9 se vyskytuj\u00ed v ka\u017ed\u00e9 z\u00e1kladn\u00ed barv\u011b.<\/p><p><strong>Jsou zde\u00a0ji\u017e od po\u010d\u00e1tku z\u00e1chrany \u0161arpej\u016f.<\/strong> <strong>D\u00edky skupince ps\u016f dovezen\u00fdch do USA vytv\u00e1\u0159eli podstatnou \u010d\u00e1st chovu. N\u011bkolik nad\u0161enc\u016f projevilo z\u00e1jem o uzn\u00e1n\u00ed kv\u011btovan\u00fdch \u0161arpej\u016f.<\/strong> To na \u010das znemo\u017enilo dovoz nov\u00fdch lini\u00ed do USA. D\u016fsledkem omezen\u00e9ho genetick\u00e9ho v\u00fdb\u011bru se v\u0161echny chovatelsk\u00e9 linie v Americe staly velmi p\u0159\u00edbuzn\u00e9 a v\u00fdsledkem bylo, \u017ee \u0161arpejov\u00e9 v USA m\u011bli podobn\u00e9 zdravotn\u00ed probl\u00e9my a genetick\u00e9 vady.<\/p><p><strong>V roce 1990 p\u0159i posuzov\u00e1n\u00ed klubov\u00e9 v\u00fdstavy ve Phoenixu v Arizon\u011b vyd\u00e1v\u00e1 Matgo Law (mu\u017e stoj\u00edc\u00ed za z\u00e1chranou \u0161arpej\u016f) prohl\u00e1\u0161en\u00ed, \u017ee s ohledem na standardn\u00ed chovn\u00e9 barvy vylu\u010duje mo\u017enost, aby Flowered byl uzn\u00e1n nebo p\u0159ijat jako standardn\u00ed barevn\u00fd r\u00e1z.<\/strong> P\u0159esto dodnes ve sv\u011bt\u011b (USA, Austr\u00e1lie, Braz\u00edlie, Kanada, \u0160pan\u011blsko, Francie, Nizozem\u00ed) existuj\u00ed nad\u0161enci, kte\u0159\u00ed se sdru\u017euj\u00ed v klubech a nad\u00e1le usiluj\u00ed o uzn\u00e1n\u00ed tohoto barevn\u00e9ho r\u00e1zu. Maj\u00ed sv\u016fj standard, po\u0159\u00e1daj\u00ed v\u00fdstavy a t\u011b\u0161\u00ed se z v\u00edt\u011bzstv\u00ed sv\u00fdch ps\u016f.<\/p><p><strong>Skute\u010dnost, \u017ee FCI ani AKC kv\u011btovan\u00e9 \u0161arpeje\u00a0neuzn\u00e1v\u00e1 jako standardn\u00ed zbarven\u00ed\u00a0a diskvalifikuje je z v\u00fdstavn\u00edch kruh\u016f<\/strong>, nem\u011bn\u00ed v\u016fbec nic na tom, \u017ee se v chovech vyskytuj\u00ed (zvl\u00e1\u0161t\u011b u dovozu z v\u00fd\u0161e jmenovan\u00fdch zem\u00ed), t\u011b\u0161\u00ed se velk\u00e9 popularit\u011b a\u00a0dob\u00fdvaj\u00ed srdce dal\u0161\u00edch a dal\u0161\u00edch chovatel\u016f.<\/p>\t\t\t\t\t\t\t\t<\/div>\n\t\t\t\t<\/div>\n\t\t\t\t\t<\/div>\n\t\t<\/div>\n\t\t\t\t\t<\/div>\n\t\t<\/section>\n\t\t\t\t<section class=\"elementor-section elementor-top-section elementor-element elementor-element-20123320 elementor-section-stretched elementor-section-boxed elementor-section-height-default elementor-section-height-default\" data-id=\"20123320\" data-element_type=\"section\" data-e-type=\"section\" data-settings=\"{&quot;stretch_section&quot;:&quot;section-stretched&quot;}\">\n\t\t\t\t\t\t<div class=\"elementor-container elementor-column-gap-default\">\n\t\t\t\t\t<div class=\"elementor-column elementor-col-100 elementor-top-column elementor-element elementor-element-4ffb9539\" data-id=\"4ffb9539\" data-element_type=\"column\" data-e-type=\"column\">\n\t\t\t<div class=\"elementor-widget-wrap elementor-element-populated\">\n\t\t\t\t\t\t<div class=\"elementor-element elementor-element-237811f elementor-widget elementor-widget-spacer\" data-id=\"237811f\" data-element_type=\"widget\" data-e-type=\"widget\" data-widget_type=\"spacer.default\">\n\t\t\t\t<div class=\"elementor-widget-container\">\n\t\t\t\t\t\t\t<div class=\"elementor-spacer\">\n\t\t\t<div class=\"elementor-spacer-inner\"><\/div>\n\t\t<\/div>\n\t\t\t\t\t\t<\/div>\n\t\t\t\t<\/div>\n\t\t\t\t<div class=\"elementor-element elementor-element-1b992d9 elementor-widget elementor-widget-heading\" data-id=\"1b992d9\" data-element_type=\"widget\" data-e-type=\"widget\" data-widget_type=\"heading.default\">\n\t\t\t\t<div class=\"elementor-widget-container\">\n\t\t\t\t\t<h2 class=\"elementor-heading-title elementor-size-default\">stru\u010dn\u00fd p\u0159ehled<\/h2>\t\t\t\t<\/div>\n\t\t\t\t<\/div>\n\t\t\t\t\t<\/div>\n\t\t<\/div>\n\t\t\t\t\t<\/div>\n\t\t<\/section>\n\t\t\t\t<section class=\"elementor-section elementor-top-section elementor-element elementor-element-f795a7f elementor-section-stretched elementor-section-boxed elementor-section-height-default elementor-section-height-default\" data-id=\"f795a7f\" data-element_type=\"section\" data-e-type=\"section\" data-settings=\"{&quot;stretch_section&quot;:&quot;section-stretched&quot;}\">\n\t\t\t\t\t\t<div class=\"elementor-container elementor-column-gap-default\">\n\t\t\t\t\t<div class=\"elementor-column elementor-col-50 elementor-top-column elementor-element elementor-element-d6556b9\" data-id=\"d6556b9\" data-element_type=\"column\" data-e-type=\"column\">\n\t\t\t<div class=\"elementor-widget-wrap elementor-element-populated\">\n\t\t\t\t\t\t<div class=\"elementor-element elementor-element-ea28274 elementor-widget elementor-widget-text-editor\" data-id=\"ea28274\" data-element_type=\"widget\" data-e-type=\"widget\" data-widget_type=\"text-editor.default\">\n\t\t\t\t<div class=\"elementor-widget-container\">\n\t\t\t\t\t\t\t\t\t<h3>barva \/ Color<\/h3><ul><li><strong><span style=\"color: #ff9900;\">Fawn<\/span><\/strong>, apricot, apricot dilute, cream, cream dilute,<\/li><li><strong><span style=\"color: #db4b12;\">red<\/span><\/strong>, red diluted (five-point red), red-fawn,<\/li><li><strong><span style=\"color: #993300;\">brown<\/span><\/strong>,\u00a0chocolate, chocolate dilute,<\/li><li><strong><span style=\"color: #a67624;\">Isabella<\/span><\/strong> (silver shading on a dilute-colored dog), sables, black bronze sables,<\/li><li><strong><span style=\"color: #666699;\">lilac<\/span><\/strong>, blue,\u00a0black silver sables,\u00a0black,<\/li><li><strong>X not accepted:<\/strong>\u00a0flower-coat (white with either black or blue patches),\u00a0rottweiler colored, tricolor or any other<\/li><\/ul>\t\t\t\t\t\t\t\t<\/div>\n\t\t\t\t<\/div>\n\t\t\t\t\t<\/div>\n\t\t<\/div>\n\t\t\t\t<div class=\"elementor-column elementor-col-50 elementor-top-column elementor-element elementor-element-dab5821\" data-id=\"dab5821\" data-element_type=\"column\" data-e-type=\"column\">\n\t\t\t<div class=\"elementor-widget-wrap elementor-element-populated\">\n\t\t\t\t\t\t<div class=\"elementor-element elementor-element-1cd2a89d elementor-widget elementor-widget-text-editor\" data-id=\"1cd2a89d\" data-element_type=\"widget\" data-e-type=\"widget\" data-widget_type=\"text-editor.default\">\n\t\t\t\t<div class=\"elementor-widget-container\">\n\t\t\t\t\t\t\t\t\t<h3>srst \/ Coat<\/h3><ul><li>horse-coat<\/li><li>brush-coat<\/li><li><strong>X not accepted:<\/strong> bear-coat<\/li><\/ul>\t\t\t\t\t\t\t\t<\/div>\n\t\t\t\t<\/div>\n\t\t\t\t\t<\/div>\n\t\t<\/div>\n\t\t\t\t\t<\/div>\n\t\t<\/section>\n\t\t\t\t<\/div>\n\t\t","protected":false},"excerpt":{"rendered":"<p>\u0160arpej je\u00a0jednou z nejbarevn\u011bj\u0161\u00edch ras ps\u016f. Zbarven\u00ed srsti b\u00fdv\u00e1 velmi r\u016fznorod\u00e9. Z\u00e1kladn\u00ed barvy jsou: \u010dern\u00e1, hn\u00e9d\u00e1, \u010derven\u00e1, p\u00edskov\u00e1, kr\u00e9mov\u00e1, \u017elut\u00e1, modr\u00e1, aprikot, isabel a lila. Odst\u00edn\u016f je ale celkem dvacet.\u00a0 V grafu vedle jednozna\u010dn\u011b rozpozn\u00e1te jak barevn\u00e1 \u0161k\u00e1la pejsk\u016f vypad\u00e1 a \u017ee je opravdu z \u010deho vyb\u00edrat. Ten ale\u00a0\u00fapln\u011b nejtypy\u010dt\u011bj\u0161\u00ed\u00a0pejsek je v grafu jako prvn\u00ed [&hellip;]<\/p>\n","protected":false},"author":1,"featured_media":0,"parent":149,"menu_order":0,"comment_status":"closed","ping_status":"closed","template":"","meta":{"footnotes":""},"class_list":["post-388","page","type-page","status-publish","hentry"],"_links":{"self":[{"href":"https:\/\/www.wrinkle-pei.cz\/index.php?rest_route=\/wp\/v2\/pages\/388","targetHints":{"allow":["GET"]}}],"collection":[{"href":"https:\/\/www.wrinkle-pei.cz\/index.php?rest_route=\/wp\/v2\/pages"}],"about":[{"href":"https:\/\/www.wrinkle-pei.cz\/index.php?rest_route=\/wp\/v2\/types\/page"}],"author":[{"embeddable":true,"href":"https:\/\/www.wrinkle-pei.cz\/index.php?rest_route=\/wp\/v2\/users\/1"}],"replies":[{"embeddable":true,"href":"https:\/\/www.wrinkle-pei.cz\/index.php?rest_route=%2Fwp%2Fv2%2Fcomments&post=388"}],"version-history":[{"count":20,"href":"https:\/\/www.wrinkle-pei.cz\/index.php?rest_route=\/wp\/v2\/pages\/388\/revisions"}],"predecessor-version":[{"id":854,"href":"https:\/\/www.wrinkle-pei.cz\/index.php?rest_route=\/wp\/v2\/pages\/388\/revisions\/854"}],"up":[{"embeddable":true,"href":"https:\/\/www.wrinkle-pei.cz\/index.php?rest_route=\/wp\/v2\/pages\/149"}],"wp:attachment":[{"href":"https:\/\/www.wrinkle-pei.cz\/index.php?rest_route=%2Fwp%2Fv2%2Fmedia&parent=388"}],"curies":[{"name":"wp","href":"https:\/\/api.w.org\/{rel}","templated":true}]}}